{"id":1203,"date":"2022-09-27T15:42:10","date_gmt":"2022-09-27T14:42:10","guid":{"rendered":"https:\/\/ippfgeneralassembly.org\/?page_id=1203"},"modified":"2022-09-27T15:42:10","modified_gmt":"2022-09-27T14:42:10","slug":"attending-the-ippf-general-assembly-in-person","status":"publish","type":"page","link":"https:\/\/ippfgeneralassembly.org\/fr\/attending-the-ippf-general-assembly-in-person\/","title":{"rendered":"Assister \u00e0 l'Assembl\u00e9e g\u00e9n\u00e9rale de l'IPPF en personne"},"content":{"rendered":"<div class=\"wpcf7 no-js\" id=\"wpcf7-f1202-o1\" lang=\"en-GB\" dir=\"ltr\" data-wpcf7-id=\"1202\">\n<div class=\"screen-reader-response\"><p role=\"status\" aria-live=\"polite\" aria-atomic=\"true\"><\/p> <ul><\/ul><\/div>\n<form action=\"\/fr\/wp-json\/wp\/v2\/pages\/1203#wpcf7-f1202-o1\" method=\"post\" class=\"wpcf7-form init\" aria-label=\"Formulaire de contact\" novalidate=\"novalidate\" data-status=\"init\" data-trp-original-action=\"\/fr\/wp-json\/wp\/v2\/pages\/1203#wpcf7-f1202-o1\">\n<div style=\"display: none;\">\n<input type=\"hidden\" name=\"_wpcf7\" value=\"1202\" \/>\n<input type=\"hidden\" name=\"_wpcf7_version\" value=\"6.0.6\" \/>\n<input type=\"hidden\" name=\"_wpcf7_locale\" value=\"en_GB\" \/>\n<input type=\"hidden\" name=\"_wpcf7_unit_tag\" value=\"wpcf7-f1202-o1\" \/>\n<input type=\"hidden\" name=\"_wpcf7_container_post\" value=\"0\" \/>\n<input type=\"hidden\" name=\"_wpcf7_posted_data_hash\" value=\"\" \/>\n<input type=\"hidden\" name=\"_wpcf7cf_hidden_group_fields\" value=\"[]\" \/>\n<input type=\"hidden\" name=\"_wpcf7cf_hidden_groups\" value=\"[]\" \/>\n<input type=\"hidden\" name=\"_wpcf7cf_visible_groups\" value=\"[]\" \/>\n<input type=\"hidden\" name=\"_wpcf7cf_repeaters\" value=\"[]\" \/>\n<input type=\"hidden\" name=\"_wpcf7cf_steps\" value=\"{}\" \/>\n<input type=\"hidden\" name=\"_wpcf7cf_options\" value=\"{&quot;form_id&quot;:1202,&quot;conditions&quot;:[{&quot;then_field&quot;:&quot;smartphone-yes&quot;,&quot;and_rules&quot;:[{&quot;if_field&quot;:&quot;smartphone&quot;,&quot;operator&quot;:&quot;equals&quot;,&quot;if_value&quot;:&quot;Yes&quot;}]},{&quot;then_field&quot;:&quot;profamilia-yes&quot;,&quot;and_rules&quot;:[{&quot;if_field&quot;:&quot;profamilia&quot;,&quot;operator&quot;:&quot;equals&quot;,&quot;if_value&quot;:&quot;Yes&quot;}]},{&quot;then_field&quot;:&quot;profamilia-yes&quot;,&quot;and_rules&quot;:[{&quot;if_field&quot;:&quot;profamilia&quot;,&quot;operator&quot;:&quot;equals&quot;,&quot;if_value&quot;:&quot;Don&#039;t know&quot;}]},{&quot;then_field&quot;:&quot;anything-else-yes&quot;,&quot;and_rules&quot;:[{&quot;if_field&quot;:&quot;anything-else&quot;,&quot;operator&quot;:&quot;equals&quot;,&quot;if_value&quot;:&quot;Yes&quot;}]},{&quot;then_field&quot;:&quot;dietary-other&quot;,&quot;and_rules&quot;:[{&quot;if_field&quot;:&quot;dietary&quot;,&quot;operator&quot;:&quot;equals&quot;,&quot;if_value&quot;:&quot;Other&quot;}]},{&quot;then_field&quot;:&quot;closing-dinner-yes&quot;,&quot;and_rules&quot;:[{&quot;if_field&quot;:&quot;closing&quot;,&quot;operator&quot;:&quot;equals&quot;,&quot;if_value&quot;:&quot;Yes&quot;}]},{&quot;then_field&quot;:&quot;closing-dinner-yes&quot;,&quot;and_rules&quot;:[{&quot;if_field&quot;:&quot;closing&quot;,&quot;operator&quot;:&quot;equals&quot;,&quot;if_value&quot;:&quot;Don&#039;t know&quot;}]}],&quot;settings&quot;:{&quot;animation&quot;:&quot;yes&quot;,&quot;animation_intime&quot;:200,&quot;animation_outtime&quot;:200,&quot;conditions_ui&quot;:&quot;normal&quot;,&quot;notice_dismissed&quot;:false,&quot;notice_dismissed_rollback-cf7-5.8&quot;:true}}\" \/>\n<\/div>\n<input class=\"wpcf7-form-control wpcf7-hidden\" value=\"Attending the IPPF General Assembly in Person\" type=\"hidden\" name=\"your-subject\" \/>\n<div class=\"question-block\">\n<h4><strong>Comment voulez-vous que votre nom apparaisse sur votre badge de participant\u00b7e ?<\/strong><\/h4>\n<small>*Si vous \u00e9crivez en arabe, veuillez \u00e9galement indiquer votre nom en alphabet latin\/romain<\/small><br>\n    <label> En alphabet latin\/romain \u2013 \n        <span class=\"wpcf7-form-control-wrap\" data-name=\"your-name\"><input size=\"40\" maxlength=\"400\" class=\"wpcf7-form-control wpcf7-text wpcf7-validates-as-required\" aria-required=\"true\" aria-invalid=\"false\" value=\"\" type=\"text\" name=\"your-name\" \/><\/span> <\/label>\n    <label> En alphabet arabe \u2013  \n        <span class=\"wpcf7-form-control-wrap\" data-name=\"your-arabic-name\"><input size=\"40\" maxlength=\"400\" class=\"wpcf7-form-control wpcf7-text\" aria-invalid=\"false\" value=\"\" type=\"text\" name=\"your-arabic-name\" \/><\/span> <\/label>\n<\/div>\n\n<div class=\"question-block\">\n<h4><strong>Comment le nom de votre organisation doit-il appara\u00eetre sur votre badge de participant ?<\/strong><\/h4>\n<small>*Si vous \u00e9crivez en arabe, veuillez \u00e9galement indiquer votre nom en alphabet latin\/romain<\/small><br>\n    <label> En alphabet latin\/romain \u2013 \n        <span class=\"wpcf7-form-control-wrap\" data-name=\"your-organisation-name\"><input size=\"40\" maxlength=\"400\" class=\"wpcf7-form-control wpcf7-text wpcf7-validates-as-required\" aria-required=\"true\" aria-invalid=\"false\" value=\"\" type=\"text\" name=\"your-organisation-name\" \/><\/span> <\/label>\n    <label> En alphabet arabe \u2013  \n        <span class=\"wpcf7-form-control-wrap\" data-name=\"your-arabic-organisation-name\"><input size=\"40\" maxlength=\"400\" class=\"wpcf7-form-control wpcf7-text\" aria-invalid=\"false\" value=\"\" type=\"text\" name=\"your-arabic-organisation-name\" \/><\/span> <\/label>\n<\/div>\n\n<div class=\"question-block\">\n    <label> Veuillez nous informer de tout besoin alimentaire\n        <span class=\"wpcf7-form-control-wrap\" data-name=\"dietary\"><span class=\"wpcf7-form-control wpcf7-checkbox\"><span class=\"wpcf7-list-item first\"><label><input type=\"checkbox\" name=\"dietary[]\" value=\"None\" \/><span class=\"wpcf7-list-item-label\">Aucun<\/span><\/label><\/span><span class=\"wpcf7-list-item\"><label><input type=\"checkbox\" name=\"dietary[]\" value=\"Vegetarian\" \/><span class=\"wpcf7-list-item-label\">V\u00e9g\u00e9tarien<\/span><\/label><\/span><span class=\"wpcf7-list-item\"><label><input type=\"checkbox\" name=\"dietary[]\" value=\"Vegan\" \/><span class=\"wpcf7-list-item-label\">V\u00e9gan<\/span><\/label><\/span><span class=\"wpcf7-list-item\"><label><input type=\"checkbox\" name=\"dietary[]\" value=\"No pork\" \/><span class=\"wpcf7-list-item-label\">Pas de porc<\/span><\/label><\/span><span class=\"wpcf7-list-item\"><label><input type=\"checkbox\" name=\"dietary[]\" value=\"No beef\" \/><span class=\"wpcf7-list-item-label\">Pas de b\u0153uf<\/span><\/label><\/span><span class=\"wpcf7-list-item\"><label><input type=\"checkbox\" name=\"dietary[]\" value=\"No dairy\" \/><span class=\"wpcf7-list-item-label\">Pas de produit laitier<\/span><\/label><\/span><span class=\"wpcf7-list-item\"><label><input type=\"checkbox\" name=\"dietary[]\" value=\"No gluten\" \/><span class=\"wpcf7-list-item-label\">Pas de gluten<\/span><\/label><\/span><span class=\"wpcf7-list-item\"><label><input type=\"checkbox\" name=\"dietary[]\" value=\"Shellfish allergy\" \/><span class=\"wpcf7-list-item-label\">Allergie aux crustac\u00e9s<\/span><\/label><\/span><span class=\"wpcf7-list-item\"><label><input type=\"checkbox\" name=\"dietary[]\" value=\"Nut allergy\" \/><span class=\"wpcf7-list-item-label\">Allergie aux noix<\/span><\/label><\/span><span class=\"wpcf7-list-item\"><label><input type=\"checkbox\" name=\"dietary[]\" value=\"Peanut allergy\" \/><span class=\"wpcf7-list-item-label\">Allergie aux arachides<\/span><\/label><\/span><span class=\"wpcf7-list-item last\"><label><input type=\"checkbox\" name=\"dietary[]\" value=\"Other\" \/><span class=\"wpcf7-list-item-label\">Autre<\/span><\/label><\/span><\/span><\/span> <\/label>\n<div data-id=\"dietary-other\" data-orig_data_id=\"dietary-other\"  data-class=\"wpcf7cf_group\">\n    <label> Autre\n        <span class=\"wpcf7-form-control-wrap\" data-name=\"dietary-requirements-other\"><input size=\"40\" maxlength=\"400\" class=\"wpcf7-form-control wpcf7-text\" aria-invalid=\"false\" value=\"\" type=\"text\" name=\"dietary-requirements-other\" \/><\/span> <\/label>\n<\/div>\n\n<\/div>\n\n<div class=\"question-block\">\n    <label> Veuillez nous informer de tout besoin d'acc\u00e8s actualis\u00e9\n        <span class=\"wpcf7-form-control-wrap\" data-name=\"access-requirements\"><textarea cols=\"40\" rows=\"10\" maxlength=\"2000\" class=\"wpcf7-form-control wpcf7-textarea\" aria-invalid=\"false\" name=\"access-requirements\"><\/textarea><\/span> <\/label>\n\n<\/div>\n<div class=\"question-block\">\n  <h4><strong>Itin\u00e9raire de voyage Arriv\u00e9e<\/strong><\/h4>\n    <label> Num\u00e9ro du vol\n        <span class=\"wpcf7-form-control-wrap\" data-name=\"your-arrival-flight-number\"><input size=\"40\" maxlength=\"400\" class=\"wpcf7-form-control wpcf7-text\" aria-invalid=\"false\" value=\"\" type=\"text\" name=\"your-arrival-flight-number\" \/><\/span> <\/label>\n    <label> Date d'arriv\u00e9e\n        <span class=\"wpcf7-form-control-wrap\" data-name=\"your-arrival-date\"><input class=\"wpcf7-form-control wpcf7-date wpcf7-validates-as-date\" aria-invalid=\"false\" value=\"\" type=\"date\" name=\"your-arrival-date\" \/><\/span> <\/label>\n    <label> Heure d'arriv\u00e9e\n        <span class=\"wpcf7-form-control-wrap\" data-name=\"your-arrival-time\"><input size=\"40\" maxlength=\"400\" class=\"wpcf7-form-control wpcf7-text\" aria-invalid=\"false\" value=\"\" type=\"text\" name=\"your-arrival-time\" \/><\/span> <\/label>\n<\/div>\n\n<div class=\"question-block\">\n  <h4><strong>Itin\u00e9raire de voyage D\u00e9part<\/strong><\/h4>\n    <label> Num\u00e9ro du vol\n        <span class=\"wpcf7-form-control-wrap\" data-name=\"your-departure-flight-number\"><input size=\"40\" maxlength=\"400\" class=\"wpcf7-form-control wpcf7-text\" aria-invalid=\"false\" value=\"\" type=\"text\" name=\"your-departure-flight-number\" \/><\/span> <\/label>\n    <label> Date de d\u00e9part\n        <span class=\"wpcf7-form-control-wrap\" data-name=\"your-departure-date\"><input class=\"wpcf7-form-control wpcf7-date wpcf7-validates-as-date\" aria-invalid=\"false\" value=\"\" type=\"date\" name=\"your-departure-date\" \/><\/span> <\/label>\n    <label> Heure de d\u00e9part\n        <span class=\"wpcf7-form-control-wrap\" data-name=\"your-departure-time\"><input size=\"40\" maxlength=\"400\" class=\"wpcf7-form-control wpcf7-text\" aria-invalid=\"false\" value=\"\" type=\"text\" name=\"your-departure-time\" \/><\/span> <\/label>\n<\/div>\n\n<div class=\"question-block\">\n    <label> Poss\u00e9dez-vous un smartphone capable d\u2019utiliser des applications du type AirAlo pour une carte SIM num\u00e9rique ?\n        <span class=\"wpcf7-form-control-wrap\" data-name=\"smartphone\"><span class=\"wpcf7-form-control wpcf7-radio\"><span class=\"wpcf7-list-item first\"><label><input type=\"radio\" name=\"smartphone\" value=\"Yes\" \/><span class=\"wpcf7-list-item-label\">Oui<\/span><\/label><\/span><span class=\"wpcf7-list-item\"><label><input type=\"radio\" name=\"smartphone\" value=\"No\" \/><span class=\"wpcf7-list-item-label\">Non<\/span><\/label><\/span><span class=\"wpcf7-list-item last\"><label><input type=\"radio\" name=\"smartphone\" value=\"Don&#039;t know\" \/><span class=\"wpcf7-list-item-label\">Ne sais pas<\/span><\/label><\/span><\/span><\/span> <\/label>\n<div data-id=\"smartphone-yes\" data-orig_data_id=\"smartphone-yes\"  data-class=\"wpcf7cf_group\">\n    <small>*Si oui, nous vous demandons de t\u00e9l\u00e9charger l'application AirAlo avant de partir et d'acheter 1 Go de donn\u00e9es \u00e0 utiliser uniquement en cas d'urgence. <a href=\"https:\/\/www.airalo.com\/\" target=\"_blank\">T\u00e9l\u00e9chargez l'application AirAlo ici<\/a><\/small>\n<\/div>\n\n<\/div>\n\n<div class=\"question-block\">\n    <label> Assisterez-vous au d\u00eener de cl\u00f4ture le jeudi 24 novembre au soir ?\n        <span class=\"wpcf7-form-control-wrap\" data-name=\"closing\"><span class=\"wpcf7-form-control wpcf7-radio\"><span class=\"wpcf7-list-item first\"><label><input type=\"radio\" name=\"closing\" value=\"Yes\" \/><span class=\"wpcf7-list-item-label\">Oui<\/span><\/label><\/span><span class=\"wpcf7-list-item\"><label><input type=\"radio\" name=\"closing\" value=\"No\" \/><span class=\"wpcf7-list-item-label\">Non<\/span><\/label><\/span><span class=\"wpcf7-list-item last\"><label><input type=\"radio\" name=\"closing\" value=\"Don&#039;t know\" \/><span class=\"wpcf7-list-item-label\">Ne sais pas<\/span><\/label><\/span><\/span><\/span> <\/label>\n<\/div>\n\n<div data-id=\"closing-dinner-yes\" data-orig_data_id=\"closing-dinner-yes\"  data-class=\"wpcf7cf_group\">\n<div class=\"question-block\">\n    <label> Veuillez choisir ce que vous souhaitez manger pour votre plat principal :\n        <span class=\"wpcf7-form-control-wrap\" data-name=\"dinner-selection\"><span class=\"wpcf7-form-control wpcf7-radio\"><span class=\"wpcf7-list-item first\"><label><input type=\"radio\" name=\"dinner-selection\" value=\"Charcoal-grilled chicken (leg of leg x 2) slow-cooked with mandarin lemon butter, mojo cassava and saut\u00e9ed Chinese vegetables.\" \/><span class=\"wpcf7-list-item-label\">Poulet grill\u00e9 au charbon de bois (gigot x 2) cuit lentement avec du beurre au citron mandarin, du manioc mojo et des l\u00e9gumes chinois saut\u00e9s.<\/span><\/label><\/span><span class=\"wpcf7-list-item\"><label><input type=\"radio\" name=\"dinner-selection\" value=\"Fish fillet with sweet chili machucado wrapped and roasted in banana leaves, accompanied by Cayeye and plantains.\" \/><span class=\"wpcf7-list-item-label\">Filet de poisson au chili doux machucado envelopp\u00e9 et r\u00f4ti dans des feuilles de bananier, accompagn\u00e9 de Cayeye et de plantains.<\/span><\/label><\/span><span class=\"wpcf7-list-item\"><label><input type=\"radio\" name=\"dinner-selection\" value=\"Charcoal-grilled beef tenderloin with putumayo green pepper butter, fresh heart of palm salad and creole potatoes.\" \/><span class=\"wpcf7-list-item-label\">Filet de b\u0153uf grill\u00e9 au charbon de bois avec beurre de poivre vert putumayo, salade de c\u0153ur de palmier frais et pommes de terre cr\u00e9oles.<\/span><\/label><\/span><span class=\"wpcf7-list-item last\"><label><input type=\"radio\" name=\"dinner-selection\" value=\"Vegetarian Quinoa with tuber chupe, beans and native potatoes with Andean cereal granola.\" \/><span class=\"wpcf7-list-item-label\">Quinoa v\u00e9g\u00e9tarien avec tuber chupe, haricots et pommes de terre indig\u00e8nes avec granola de c\u00e9r\u00e9ales andines.<\/span><\/label><\/span><\/span><\/span> <\/label>\n<\/div>\n\n<div class=\"question-block\">\n    <label> Souhaitez-vous votre repas avec ou sans boissons alcoolis\u00e9es ?\n        <span class=\"wpcf7-form-control-wrap\" data-name=\"alcohol-selection\"><span class=\"wpcf7-form-control wpcf7-radio\"><span class=\"wpcf7-list-item first\"><label><input type=\"radio\" name=\"alcohol-selection\" value=\"With alcohol\" \/><span class=\"wpcf7-list-item-label\">Avec alcool<\/span><\/label><\/span><span class=\"wpcf7-list-item last\"><label><input type=\"radio\" name=\"alcohol-selection\" value=\"Without alcohol\" \/><span class=\"wpcf7-list-item-label\">Sans alcool<\/span><\/label><\/span><\/span><\/span> <\/label>\n<\/div>\n<\/div>\n\n<div class=\"question-block\">\n    <label> Assisterez-vous aux visites de la Clinique Profamilia?\n        <span class=\"wpcf7-form-control-wrap\" data-name=\"profamilia\"><span class=\"wpcf7-form-control wpcf7-radio\"><span class=\"wpcf7-list-item first\"><label><input type=\"radio\" name=\"profamilia\" value=\"Yes\" \/><span class=\"wpcf7-list-item-label\">Oui<\/span><\/label><\/span><span class=\"wpcf7-list-item\"><label><input type=\"radio\" name=\"profamilia\" value=\"No\" \/><span class=\"wpcf7-list-item-label\">Non<\/span><\/label><\/span><span class=\"wpcf7-list-item last\"><label><input type=\"radio\" name=\"profamilia\" value=\"Don&#039;t know\" \/><span class=\"wpcf7-list-item-label\">Ne sais pas<\/span><\/label><\/span><\/span><\/span> <\/label>\n<div data-id=\"profamilia-yes\" data-orig_data_id=\"profamilia-yes\"  data-class=\"wpcf7cf_group\">\n    <label> Quelle est votre date pr\u00e9f\u00e9r\u00e9e pour la visite:\n        <span class=\"wpcf7-form-control-wrap\" data-name=\"profamilia-date\"><span class=\"wpcf7-form-control wpcf7-radio\"><span class=\"wpcf7-list-item first\"><label><input type=\"radio\" name=\"profamilia-date\" value=\"21st November\" \/><span class=\"wpcf7-list-item-label\">21 novembre<\/span><\/label><\/span><span class=\"wpcf7-list-item last\"><label><input type=\"radio\" name=\"profamilia-date\" value=\"25th November\" \/><span class=\"wpcf7-list-item-label\">25 novembre<\/span><\/label><\/span><\/span><\/span> <\/label>\n<\/div>\n<\/div>\n\n<div class=\"question-block\">\n    <label> Y a-t-il autre chose que nous devons savoir avant votre voyage?\n        <span class=\"wpcf7-form-control-wrap\" data-name=\"anything-else\"><span class=\"wpcf7-form-control wpcf7-radio\"><span class=\"wpcf7-list-item first\"><label><input type=\"radio\" name=\"anything-else\" value=\"Yes\" \/><span class=\"wpcf7-list-item-label\">Oui<\/span><\/label><\/span><span class=\"wpcf7-list-item last\"><label><input type=\"radio\" name=\"anything-else\" value=\"No\" \/><span class=\"wpcf7-list-item-label\">Non<\/span><\/label><\/span><\/span><\/span> <\/label>\n<div data-id=\"anything-else-yes\" data-orig_data_id=\"anything-else-yes\"  data-class=\"wpcf7cf_group\">\n    <label> Veuillez fournir des d\u00e9tails :\n        <span class=\"wpcf7-form-control-wrap\" data-name=\"extra-information\"><textarea cols=\"40\" rows=\"10\" maxlength=\"2000\" class=\"wpcf7-form-control wpcf7-textarea\" aria-invalid=\"false\" name=\"extra-information\"><\/textarea><\/span> <\/label>\n<\/div>\n<\/div>\n\n\n<input class=\"wpcf7-form-control wpcf7-submit has-spinner\" type=\"submit\" value=\"Soumettre\" \/><div class=\"wpcf7-response-output\" aria-hidden=\"true\"><\/div>\n<input type=\"hidden\" name=\"trp-form-language\" value=\"fr\"\/><\/form>\n<\/div>","protected":false},"excerpt":{"rendered":"","protected":false},"author":1,"featured_media":0,"parent":0,"menu_order":0,"comment_status":"closed","ping_status":"closed","template":"","meta":{"footnotes":""},"class_list":["post-1203","page","type-page","status-publish","hentry"],"_links":{"self":[{"href":"https:\/\/ippfgeneralassembly.org\/fr\/wp-json\/wp\/v2\/pages\/1203","targetHints":{"allow":["GET"]}}],"collection":[{"href":"https:\/\/ippfgeneralassembly.org\/fr\/wp-json\/wp\/v2\/pages"}],"about":[{"href":"https:\/\/ippfgeneralassembly.org\/fr\/wp-json\/wp\/v2\/types\/page"}],"author":[{"embeddable":true,"href":"https:\/\/ippfgeneralassembly.org\/fr\/wp-json\/wp\/v2\/users\/1"}],"replies":[{"embeddable":true,"href":"https:\/\/ippfgeneralassembly.org\/fr\/wp-json\/wp\/v2\/comments?post=1203"}],"version-history":[{"count":2,"href":"https:\/\/ippfgeneralassembly.org\/fr\/wp-json\/wp\/v2\/pages\/1203\/revisions"}],"predecessor-version":[{"id":1205,"href":"https:\/\/ippfgeneralassembly.org\/fr\/wp-json\/wp\/v2\/pages\/1203\/revisions\/1205"}],"wp:attachment":[{"href":"https:\/\/ippfgeneralassembly.org\/fr\/wp-json\/wp\/v2\/media?parent=1203"}],"curies":[{"name":"wp","href":"https:\/\/api.w.org\/{rel}","templated":true}]}}